{"id":15,"date":"2012-07-05T17:44:11","date_gmt":"2012-07-05T15:44:11","guid":{"rendered":"http:\/\/bialobrzeska68.bibliosfera.provps.pl\/?page_id=15"},"modified":"2025-10-16T10:53:01","modified_gmt":"2025-10-16T08:53:01","slug":"dokumenty","status":"publish","type":"page","link":"https:\/\/bialobrzeska68.pl\/?page_id=15","title":{"rendered":"Przepisy Sp\u00f3\u0142dzielni"},"content":{"rendered":"\t\t<div data-elementor-type=\"wp-page\" data-elementor-id=\"15\" class=\"elementor elementor-15\">\n\t\t\t\t<div class=\"elementor-element elementor-element-3c52c4b4 e-flex e-con-boxed e-con e-parent\" data-id=\"3c52c4b4\" data-element_type=\"container\" data-e-type=\"container\">\n\t\t\t\t\t<div class=\"e-con-inner\">\n\t\t\t\t<div class=\"elementor-element elementor-element-ad856f2 elementor-widget elementor-widget-text-editor\" data-id=\"ad856f2\" data-element_type=\"widget\" data-e-type=\"widget\" data-widget_type=\"text-editor.default\">\n\t\t\t\t<div class=\"elementor-widget-container\">\n\t\t\t\t\t\t\t\t\t<ol><li>Statut Sp\u00f3\u0142dzielni Budowlano-Mieszkaniowej &#8222;Dziennikarz&#8221; 2018: .<a href=\"http:\/\/bialobrzeska68.pl\/wp-content\/uploads\/2019\/02\/Statut_SBM_2018_aktualny.pdf\">PDF<\/a><\/li><li>Regulamin mieszka\u0144c\u00f3w (12.06.2025 r.): <a href=\"http:\/\/bialobrzeska68.pl\/wp-content\/uploads\/2025\/09\/na-strone.pdf\">.PDF<\/a><\/li><li>Regulamin przeprowadzania remont\u00f3w w lokalach mieszkaniowych (12.06.2025 r.): <a href=\"http:\/\/bialobrzeska68.pl\/wp-content\/uploads\/2025\/09\/Regulamin-przeprowadzania-remontow-2025-na-strone.pdf\">.PDF<\/a><\/li><li>Regulamin Zarz\u0105du (12.04.2018 r.): <a href=\"http:\/\/bialobrzeska68.pl\/wp-content\/uploads\/2022\/11\/Plik.pdf\">.PDF<\/a><\/li><li>Regulamin zamawiania us\u0142ug oraz rob\u00f3t remontowych i budowlanych wykonywanych na rzecz Sp\u00f3\u0142dzielni Budowlano-Mieszkaniowej &#8222;Dziennikarz&#8221; w Warszawie (12.06.2025 r.): <a href=\"http:\/\/bialobrzeska68.pl\/wp-content\/uploads\/2025\/09\/Regulamin-zamawiania-uslug-i-robot-remontowych-i-budowlanych-2025-na-strone.pdf\">.PDF<\/a><\/li><li>Regulamin rozliczania koszt\u00f3w zu\u017cycia wody i odprowadzania \u015bciek\u00f3w w budynku SBM &#8222;Dziennikarz&#8221; w Warszawie (1.10.2018 r.):\u00a0<a href=\"http:\/\/bialobrzeska68.pl\/wp-content\/uploads\/2018\/12\/Regulamin_rozliczania_koszt\u00f3w_zu\u017cycia_wody_2018.pdf\">.PDF<\/a><\/li><li>Regulamin gospodarowania zasobami mieszkaniowymi (20.06.2018 r.): <a href=\"http:\/\/bialobrzeska68.pl\/wp-content\/uploads\/2018\/12\/Regulamin_Gosp_Zasobami_Mieszkaniowymi_2018.pdf\">.PDF<\/a><\/li><li>Tabela op\u0142at za korzystanie z lokali mieszkalnych: (2025):\u00a0<a href=\"http:\/\/bialobrzeska68.pl\/wp-content\/uploads\/2025\/10\/TABELA-OPLAT-2025.pdf\">.PDF<\/a><\/li><li>Polityka rachunkowo\u015bci 2015:\u00a0<a href=\"http:\/\/bialobrzeska68.pl\/wp-content\/uploads\/2019\/02\/Polityka-rachunkowo\u015bci.pdf\">.PDF<\/a><\/li><li>Regulamin Funduszu Remontowego (01.06.2016 r.):\u00a0<a href=\"http:\/\/bialobrzeska68.pl\/wp-content\/uploads\/2019\/05\/Regulamin-funduszu-remontowego.pdf\">.PDF<\/a><\/li><li>Regulamin Walnego Zgromadzenia (13.05.2019 r.):\u00a0<a href=\"http:\/\/bialobrzeska68.pl\/wp-content\/uploads\/2019\/11\/2019_regulamin_walnego_zgromadzenia1-skonwertowany-1.pdf\">.PDF<\/a><\/li><li>Regulamin Rady Nadzorczej (13.05.2019 r.):\u00a0<a href=\"http:\/\/bialobrzeska68.pl\/wp-content\/uploads\/2019\/11\/2019_Regulamin-Rady-Nadzorczej.docx-1-skonwertowany-1.pdf\">.PDF<\/a><\/li><li>Regulamin przetwarzania danych osobowych (13.05.2019 r.):\u00a0<a href=\"http:\/\/bialobrzeska68.pl\/wp-content\/uploads\/2019\/11\/regulamin-przrtwarzania-danych-2019-skonwertowany-1.pdf\">.PDF<\/a><\/li><\/ol>\t\t\t\t\t\t\t\t<\/div>\n\t\t\t\t<\/div>\n\t\t\t\t\t<\/div>\n\t\t\t\t<\/div>\n\t\t\t\t<\/div>\n\t\t","protected":false},"excerpt":{"rendered":"<p>Statut Sp\u00f3\u0142dzielni Budowlano-Mieszkaniowej &#8222;Dziennikarz&#8221; 2018: .PDF Regulamin mieszka\u0144c\u00f3w (12.06.2025 r.): .PDF Regulamin przeprowadzania remont\u00f3w w lokalach mieszkaniowych (12.06.2025 r.): .PDF [&hellip;]<\/p>\n","protected":false},"author":3,"featured_media":0,"parent":0,"menu_order":0,"comment_status":"closed","ping_status":"closed","template":"","meta":{"site-sidebar-layout":"default","site-content-layout":"","ast-site-content-layout":"default","site-content-style":"default","site-sidebar-style":"default","ast-global-header-display":"","ast-banner-title-visibility":"","ast-main-header-display":"","ast-hfb-above-header-display":"","ast-hfb-below-header-display":"","ast-hfb-mobile-header-display":"","site-post-title":"","ast-breadcrumbs-content":"","ast-featured-img":"","footer-sml-layout":"","ast-disable-related-posts":"","theme-transparent-header-meta":"","adv-header-id-meta":"","stick-header-meta":"","header-above-stick-meta":"","header-main-stick-meta":"","header-below-stick-meta":"","astra-migrate-meta-layouts":"default","ast-page-background-enabled":"default","ast-page-background-meta":{"desktop":{"background-color":"var(--ast-global-color-5)","background-image":"","background-repeat":"repeat","background-position":"center center","background-size":"auto","background-attachment":"scroll","background-type":"","background-media":"","overlay-type":"","overlay-color":"","overlay-opacity":"","overlay-gradient":""},"tablet":{"background-color":"","background-image":"","background-repeat":"repeat","background-position":"center center","background-size":"auto","background-attachment":"scroll","background-type":"","background-media":"","overlay-type":"","overlay-color":"","overlay-opacity":"","overlay-gradient":""},"mobile":{"background-color":"","background-image":"","background-repeat":"repeat","background-position":"center center","background-size":"auto","background-attachment":"scroll","background-type":"","background-media":"","overlay-type":"","overlay-color":"","overlay-opacity":"","overlay-gradient":""}},"ast-content-background-meta":{"desktop":{"background-color":"var(--ast-global-color-4)","background-image":"","background-repeat":"repeat","background-position":"center center","background-size":"auto","background-attachment":"scroll","background-type":"","background-media":"","overlay-type":"","overlay-color":"","overlay-opacity":"","overlay-gradient":""},"tablet":{"background-color":"var(--ast-global-color-4)","background-image":"","background-repeat":"repeat","background-position":"center center","background-size":"auto","background-attachment":"scroll","background-type":"","background-media":"","overlay-type":"","overlay-color":"","overlay-opacity":"","overlay-gradient":""},"mobile":{"background-color":"var(--ast-global-color-4)","background-image":"","background-repeat":"repeat","background-position":"center center","background-size":"auto","background-attachment":"scroll","background-type":"","background-media":"","overlay-type":"","overlay-color":"","overlay-opacity":"","overlay-gradient":""}},"footnotes":""},"class_list":["post-15","page","type-page","status-publish","hentry"],"_links":{"self":[{"href":"https:\/\/bialobrzeska68.pl\/index.php?rest_route=\/wp\/v2\/pages\/15","targetHints":{"allow":["GET"]}}],"collection":[{"href":"https:\/\/bialobrzeska68.pl\/index.php?rest_route=\/wp\/v2\/pages"}],"about":[{"href":"https:\/\/bialobrzeska68.pl\/index.php?rest_route=\/wp\/v2\/types\/page"}],"author":[{"embeddable":true,"href":"https:\/\/bialobrzeska68.pl\/index.php?rest_route=\/wp\/v2\/users\/3"}],"replies":[{"embeddable":true,"href":"https:\/\/bialobrzeska68.pl\/index.php?rest_route=%2Fwp%2Fv2%2Fcomments&post=15"}],"version-history":[{"count":50,"href":"https:\/\/bialobrzeska68.pl\/index.php?rest_route=\/wp\/v2\/pages\/15\/revisions"}],"predecessor-version":[{"id":2313,"href":"https:\/\/bialobrzeska68.pl\/index.php?rest_route=\/wp\/v2\/pages\/15\/revisions\/2313"}],"wp:attachment":[{"href":"https:\/\/bialobrzeska68.pl\/index.php?rest_route=%2Fwp%2Fv2%2Fmedia&parent=15"}],"curies":[{"name":"wp","href":"https:\/\/api.w.org\/{rel}","templated":true}]}}